{"id":60,"date":"2022-07-02T02:28:38","date_gmt":"2022-07-02T02:28:38","guid":{"rendered":"https:\/\/uvac.com.mx\/?page_id=60"},"modified":"2026-01-09T06:45:48","modified_gmt":"2026-01-09T06:45:48","slug":"about","status":"publish","type":"page","link":"https:\/\/uvac.com.mx\/?page_id=60","title":{"rendered":"UVAC"},"content":{"rendered":"\n<p class=\"has-text-align-center\"><\/p>\n\n\n\n<p class=\"has-kb-palette-1-color has-text-color\" style=\"font-size:25px\">Ponemos nuestro nombre con el respaldo de nuestra experiencia y conocimiento en construcci\u00f3n y medio ambiente<\/p>\n\n\n\n<div class=\"wp-block-columns is-layout-flex wp-container-core-columns-is-layout-9d6595d7 wp-block-columns-is-layout-flex\">\n<div class=\"wp-block-column is-layout-flow wp-block-column-is-layout-flow\" style=\"flex-basis:30%\">\n<p class=\"has-text-align-center has-text-color has-medium-font-size\" style=\"color:#11afab\"><strong>Misi\u00f3n<\/strong><\/p>\n<\/div>\n\n\n\n<div class=\"wp-block-column is-layout-flow wp-block-column-is-layout-flow\" style=\"flex-basis:66.66%\">\n<p class=\"has-medium-font-size\">\u201cProporcionar servicios de inspecci\u00f3n de alta confiabilidad y oportunidad en materia ambiental en cumplimiento de lo establecido en los Procedimientos de Evaluaci\u00f3n de la Conformidad de las normas objeto de esta Unidad de Inspecci\u00f3n\u201d.<\/p>\n<\/div>\n<\/div>\n\n\n\n<div class=\"wp-block-columns is-layout-flex wp-container-core-columns-is-layout-9d6595d7 wp-block-columns-is-layout-flex\">\n<div class=\"wp-block-column is-layout-flow wp-block-column-is-layout-flow\" style=\"flex-basis:30%\">\n<p class=\"has-text-align-center has-text-color has-medium-font-size\" style=\"color:#11afab\"><strong>Visi\u00f3n<\/strong><\/p>\n<\/div>\n\n\n\n<div class=\"wp-block-column is-layout-flow wp-block-column-is-layout-flow\" style=\"flex-basis:66.66%\">\n<p class=\"has-medium-font-size\">\u201cSer una Unidad de Inspecci\u00f3n reconocida por prestar servicios profesionales y de vanguardia en la Inspecci\u00f3n documental y de instalaciones de los sujetos obligados por las normas objeto de esta Unidad de Inspecci\u00f3n \u201c.<\/p>\n<\/div>\n<\/div>\n\n\n\n<div class=\"wp-block-columns is-layout-flex wp-container-core-columns-is-layout-9d6595d7 wp-block-columns-is-layout-flex\">\n<div class=\"wp-block-column is-layout-flow wp-block-column-is-layout-flow\" style=\"flex-basis:30%\">\n<p class=\"has-text-align-center has-text-color has-medium-font-size\" style=\"color:#11afab\"><strong>Acreditaci\u00f3n<\/strong> por la EMA<\/p>\n<\/div>\n\n\n\n<div class=\"wp-block-column is-layout-flow wp-block-column-is-layout-flow\" style=\"flex-basis:66.66%\">\n<p class=\"has-medium-font-size\">Tenemos m\u00e1s de 10 a\u00f1os acreditados ante la Entidad Mexicana de Acreditaci\u00f3n (ema) para realizar la Evaluaci\u00f3n de la Conformidad en materia de medio ambiente como Unidad de Inspecci\u00f3n tipo A en materia de RSU y somos la primer unidad acreditada en RCD.<\/p>\n<\/div>\n<\/div>\n\n\n\n<div class=\"wp-block-columns is-layout-flex wp-container-core-columns-is-layout-9d6595d7 wp-block-columns-is-layout-flex\">\n<div class=\"wp-block-column is-layout-flow wp-block-column-is-layout-flow\" style=\"flex-basis:30%\">\n<p class=\"has-text-align-center has-text-color has-medium-font-size\" style=\"color:#11afab\"><strong>Pol\u00edtica de Calidad<\/strong><\/p>\n<\/div>\n\n\n\n<div class=\"wp-block-column is-layout-flow wp-block-column-is-layout-flow\" style=\"flex-basis:66.66%\">\n<p class=\"has-medium-font-size\">\u201cUVAC ALFONSO CH\u00c1VEZ se compromete a que las actividades de inspecci\u00f3n se lleven a cabo mediante la implementaci\u00f3n y mejora continua de un \u201cSistema de gesti\u00f3n de la Calidad\u201d, con el firme prop\u00f3sito de garantizar que las actividades relacionadas con la Unidad de Inspecci\u00f3n sean confiables y que cumplan con las normas aplicables.\u201d<\/p>\n<\/div>\n<\/div>\n\n\n\n<div class=\"wp-block-columns is-layout-flex wp-container-core-columns-is-layout-9d6595d7 wp-block-columns-is-layout-flex\">\n<div class=\"wp-block-column is-layout-flow wp-block-column-is-layout-flow\" style=\"flex-basis:30%\">\n<p class=\"has-kb-palette-1-color has-text-color has-medium-font-size\"><strong>Acreditaci\u00f3n por la ema<\/strong><\/p>\n<\/div>\n\n\n\n<div class=\"wp-block-column is-layout-flow wp-block-column-is-layout-flow\" style=\"flex-basis:79%\">\n<p class=\"has-text-align-center\"><strong>EMA Norma 083 y NACDMX 007<\/strong><\/p>\n<\/div>\n\n\n\n<div class=\"wp-block-column is-layout-flow wp-block-column-is-layout-flow\" style=\"flex-basis:1px\"><\/div>\n<\/div>\n\n\n\n<div class=\"wp-block-columns is-layout-flex wp-container-core-columns-is-layout-9d6595d7 wp-block-columns-is-layout-flex\">\n<div class=\"wp-block-column is-layout-flow wp-block-column-is-layout-flow\" style=\"flex-basis:30%\">\n<p class=\"has-text-align-left has-text-color has-medium-font-size\" style=\"color:#11afab\"><strong>Aprobaci\u00f3n de autoridad normalizador<\/strong>a<\/p>\n<\/div>\n\n\n\n<div class=\"wp-block-column is-layout-flow wp-block-column-is-layout-flow\" style=\"flex-basis:66.66%\">\n<p class=\"has-medium-font-size\">Contamos con aprobaci\u00f3n de PROFEPA vigente No. PFPA-APR-UI-RS-ME-005\/2025 y SEDEMA.<\/p>\n<\/div>\n<\/div>\n","protected":false},"excerpt":{"rendered":"<p>Ponemos nuestro nombre con el respaldo de nuestra experiencia y conocimiento en construcci\u00f3n y medio ambiente Misi\u00f3n \u201cProporcionar servicios de inspecci\u00f3n de alta confiabilidad y oportunidad en materia ambiental en cumplimiento de lo establecido en los Procedimientos de Evaluaci\u00f3n de la Conformidad de las normas objeto de esta Unidad de&hellip;<\/p>\n","protected":false},"author":1,"featured_media":0,"parent":0,"menu_order":0,"comment_status":"closed","ping_status":"closed","template":"","meta":{"_kadence_starter_templates_imported_post":false,"footnotes":""},"class_list":["post-60","page","type-page","status-publish","hentry"],"_links":{"self":[{"href":"https:\/\/uvac.com.mx\/index.php?rest_route=\/wp\/v2\/pages\/60","targetHints":{"allow":["GET"]}}],"collection":[{"href":"https:\/\/uvac.com.mx\/index.php?rest_route=\/wp\/v2\/pages"}],"about":[{"href":"https:\/\/uvac.com.mx\/index.php?rest_route=\/wp\/v2\/types\/page"}],"author":[{"embeddable":true,"href":"https:\/\/uvac.com.mx\/index.php?rest_route=\/wp\/v2\/users\/1"}],"replies":[{"embeddable":true,"href":"https:\/\/uvac.com.mx\/index.php?rest_route=%2Fwp%2Fv2%2Fcomments&post=60"}],"version-history":[{"count":33,"href":"https:\/\/uvac.com.mx\/index.php?rest_route=\/wp\/v2\/pages\/60\/revisions"}],"predecessor-version":[{"id":1152,"href":"https:\/\/uvac.com.mx\/index.php?rest_route=\/wp\/v2\/pages\/60\/revisions\/1152"}],"wp:attachment":[{"href":"https:\/\/uvac.com.mx\/index.php?rest_route=%2Fwp%2Fv2%2Fmedia&parent=60"}],"curies":[{"name":"wp","href":"https:\/\/api.w.org\/{rel}","templated":true}]}}