{"id":58,"date":"2022-07-02T02:28:38","date_gmt":"2022-07-02T02:28:38","guid":{"rendered":"https:\/\/uvac.com.mx\/?page_id=58"},"modified":"2025-09-29T20:40:37","modified_gmt":"2025-09-29T20:40:37","slug":"contact","status":"publish","type":"page","link":"https:\/\/uvac.com.mx\/?page_id=58","title":{"rendered":"CONTACTO"},"content":{"rendered":"\n<div class=\"wp-block-columns container is-layout-flex wp-container-core-columns-is-layout-9d6595d7 wp-block-columns-is-layout-flex\">\n<div class=\"wp-block-column is-vertically-aligned-center is-layout-flow wp-block-column-is-layout-flow\">\n<h2 class=\"wp-block-heading construction-light-title has-kb-palette-1-color has-text-color\" style=\"font-size:25px\"><strong><em>Ll\u00e1manos y te orientamos.<\/em><\/strong><\/h2>\n\n\n\n<div class=\"wp-block-columns is-layout-flex wp-container-core-columns-is-layout-9d6595d7 wp-block-columns-is-layout-flex\">\n<div class=\"wp-block-column is-layout-flow wp-block-column-is-layout-flow\"><\/div>\n<\/div>\n\n\n\n<div class=\"wp-block-columns is-layout-flex wp-container-core-columns-is-layout-9d6595d7 wp-block-columns-is-layout-flex\">\n<div class=\"wp-block-column is-layout-flow wp-block-column-is-layout-flow\"><\/div>\n<\/div>\n<\/div>\n\n\n\n<div class=\"wp-block-column is-vertically-aligned-center is-layout-flow wp-block-column-is-layout-flow\">\n<div class=\"wp-block-columns is-layout-flex wp-container-core-columns-is-layout-9d6595d7 wp-block-columns-is-layout-flex\">\n<div class=\"wp-block-column is-layout-flow wp-block-column-is-layout-flow\"><\/div>\n\n\n\n<div class=\"wp-block-column is-layout-flow wp-block-column-is-layout-flow\" style=\"flex-basis:50%\">\n<h4 class=\"wp-block-heading has-text-align-left construction-light-title has-kb-palette-2-color has-text-color has-medium-font-size\"><strong><em>Oficina<\/em><\/strong><\/h4>\n\n\n\n<p class=\"has-text-align-left has-text-color\" style=\"color:#999999;font-size:17px\">Saturnino Herr\u00e1n 77<br>Col San Jos\u00e9 Insurgentes, C.P. 03900<br><\/p>\n\n\n\n<h4 class=\"wp-block-heading has-text-align-left construction-light-title has-kb-palette-2-color has-text-color has-medium-font-size\"><strong><strong><em>Cont\u00e1ctanos<\/em><\/strong><\/strong><\/h4>\n\n\n\n<p class=\"has-text-align-left has-kb-palette-2-color has-text-color\" style=\"font-size:17px\">Tel. (55) 56602465 <\/p>\n\n\n\n<h4 class=\"wp-block-heading has-text-align-left construction-light-title has-kb-palette-2-color has-text-color has-medium-font-size\"><\/h4>\n\n\n\n<p class=\"has-kb-palette-2-color has-text-color\" style=\"font-size:17px\"><strong>Acreditaci\u00f3n N\u00famero: UVMARN 011<\/strong><br>Tipo de tr\u00e1mite: Reevaluaci\u00f3n<br>N\u00famero de referencia: 20UI4528<br>Fecha de acreditaci\u00f3n: 2016\/07\/26<\/p>\n\n\n\n<p class=\"has-kb-palette-2-color has-text-color\" style=\"font-size:17px\">Fecha de dictaminaci\u00f3n donde se mantiene la acreditaci\u00f3n: 2022\/04\/13<\/p>\n\n\n\n<p class=\"has-kb-palette-2-color has-text-color\" style=\"font-size:17px\"><strong>Gerente T\u00e9cnico:<\/strong><br>Alfonso Ch\u00e1vez Vasavilbaso<\/p>\n<\/div>\n\n\n\n<div class=\"wp-block-column is-layout-flow wp-block-column-is-layout-flow\"><\/div>\n<\/div>\n<\/div>\n<\/div>\n","protected":false},"excerpt":{"rendered":"<p>Ll\u00e1manos y te orientamos. Oficina Saturnino Herr\u00e1n 77Col San Jos\u00e9 Insurgentes, C.P. 03900 Cont\u00e1ctanos Tel. (55) 56602465 Acreditaci\u00f3n N\u00famero: UVMARN 011Tipo de tr\u00e1mite: Reevaluaci\u00f3nN\u00famero de referencia: 20UI4528Fecha de acreditaci\u00f3n: 2016\/07\/26 Fecha de dictaminaci\u00f3n donde se mantiene la acreditaci\u00f3n: 2022\/04\/13 Gerente T\u00e9cnico:Alfonso Ch\u00e1vez Vasavilbaso<\/p>\n","protected":false},"author":1,"featured_media":0,"parent":0,"menu_order":0,"comment_status":"closed","ping_status":"closed","template":"","meta":{"_kadence_starter_templates_imported_post":false,"footnotes":""},"class_list":["post-58","page","type-page","status-publish","hentry"],"_links":{"self":[{"href":"https:\/\/uvac.com.mx\/index.php?rest_route=\/wp\/v2\/pages\/58","targetHints":{"allow":["GET"]}}],"collection":[{"href":"https:\/\/uvac.com.mx\/index.php?rest_route=\/wp\/v2\/pages"}],"about":[{"href":"https:\/\/uvac.com.mx\/index.php?rest_route=\/wp\/v2\/types\/page"}],"author":[{"embeddable":true,"href":"https:\/\/uvac.com.mx\/index.php?rest_route=\/wp\/v2\/users\/1"}],"replies":[{"embeddable":true,"href":"https:\/\/uvac.com.mx\/index.php?rest_route=%2Fwp%2Fv2%2Fcomments&post=58"}],"version-history":[{"count":38,"href":"https:\/\/uvac.com.mx\/index.php?rest_route=\/wp\/v2\/pages\/58\/revisions"}],"predecessor-version":[{"id":1121,"href":"https:\/\/uvac.com.mx\/index.php?rest_route=\/wp\/v2\/pages\/58\/revisions\/1121"}],"wp:attachment":[{"href":"https:\/\/uvac.com.mx\/index.php?rest_route=%2Fwp%2Fv2%2Fmedia&parent=58"}],"curies":[{"name":"wp","href":"https:\/\/api.w.org\/{rel}","templated":true}]}}