{"id":385,"date":"2022-08-01T04:48:32","date_gmt":"2022-08-01T04:48:32","guid":{"rendered":"https:\/\/uvac.com.mx\/?page_id=385"},"modified":"2026-01-09T06:14:03","modified_gmt":"2026-01-09T06:14:03","slug":"quienes-somos","status":"publish","type":"page","link":"https:\/\/uvac.com.mx\/?page_id=385","title":{"rendered":"QUI\u00c9NES SOMOS"},"content":{"rendered":"\n<p class=\"has-kb-palette-1-color has-text-color\" style=\"font-size:25px\"><strong><em>Somos especialistas en la materia<\/em><\/strong><\/p>\n\n\n\n<hr class=\"wp-block-separator has-alpha-channel-opacity\"\/>\n\n\n\n<div class=\"wp-block-columns is-layout-flex wp-container-core-columns-is-layout-9d6595d7 wp-block-columns-is-layout-flex\">\n<div class=\"wp-block-column is-layout-flow wp-block-column-is-layout-flow\">\n<p class=\"has-text-align-center has-medium-font-size\"><strong><em>ING. ALFONSO CH\u00c1VEZ VASAVILBASO<\/em><\/strong><\/p>\n<\/div>\n<\/div>\n\n\n\n<div class=\"wp-block-columns is-layout-flex wp-container-core-columns-is-layout-9d6595d7 wp-block-columns-is-layout-flex\">\n<div class=\"wp-block-column is-layout-flow wp-block-column-is-layout-flow\">\n<div class=\"wp-block-columns is-layout-flex wp-container-core-columns-is-layout-9d6595d7 wp-block-columns-is-layout-flex\">\n<div class=\"wp-block-column has-kb-palette-2-color has-text-color is-layout-flow wp-block-column-is-layout-flow\" style=\"flex-basis:33.33%\"><style>.kb-image385_55f0ca-38.kb-image-is-ratio-size, .kb-image385_55f0ca-38 .kb-image-is-ratio-size{max-width:196px;width:100%;}.wp-block-kadence-column > .kt-inside-inner-col > .kb-image385_55f0ca-38.kb-image-is-ratio-size, .wp-block-kadence-column > .kt-inside-inner-col > .kb-image385_55f0ca-38 .kb-image-is-ratio-size{align-self:unset;}.kb-image385_55f0ca-38 figure{max-width:196px;}.kb-image385_55f0ca-38 .image-is-svg, .kb-image385_55f0ca-38 .image-is-svg img{width:100%;}.kb-image385_55f0ca-38 .kb-image-has-overlay:after{opacity:0.3;}.kb-image385_55f0ca-38 img.kb-img, .kb-image385_55f0ca-38 .kb-img img{-webkit-mask-image:url(https:\/\/uvac.com.mx\/wp-content\/plugins\/kadence-blocks\/includes\/assets\/images\/masks\/circle.svg);mask-image:url(https:\/\/uvac.com.mx\/wp-content\/plugins\/kadence-blocks\/includes\/assets\/images\/masks\/circle.svg);-webkit-mask-size:auto;mask-size:auto;-webkit-mask-repeat:no-repeat;mask-repeat:no-repeat;-webkit-mask-position:center;mask-position:center;}<\/style>\n<div class=\"wp-block-kadence-image kb-image385_55f0ca-38\"><figure class=\"aligncenter size-full kb-filter-earlybird\"><img loading=\"lazy\" decoding=\"async\" width=\"546\" height=\"614\" src=\"https:\/\/uvac.com.mx\/wp-content\/uploads\/2022\/08\/chavez-1.jpg\" alt=\"\" class=\"kb-img wp-image-395\" srcset=\"https:\/\/uvac.com.mx\/wp-content\/uploads\/2022\/08\/chavez-1.jpg 546w, https:\/\/uvac.com.mx\/wp-content\/uploads\/2022\/08\/chavez-1-267x300.jpg 267w\" sizes=\"auto, (max-width: 546px) 100vw, 546px\" \/><\/figure><\/div>\n<\/div>\n\n\n\n<div class=\"wp-block-column is-vertically-aligned-center has-kb-palette-2-color has-text-color is-layout-flow wp-block-column-is-layout-flow\" style=\"flex-basis:66.66%\">\n<p class=\"has-kb-palette-2-color has-text-color\" style=\"font-size:17px\">Ingeniero Civil egresado de la Facultad de Ingenier\u00eda de la UNAM, profesor en el posgrado de Ingenier\u00eda Civil y en la licenciatura de Ingenier\u00eda Ambiental en la propia Facultad de Ingenier\u00eda.<\/p>\n\n\n\n<p>Medalla al M\u00e9rito Universitario 2022<\/p>\n\n\n\n<p>Acad\u00e9mico titular de la Academia de Ingenier\u00eda.<\/p>\n\n\n\n<p>Profesional con 20 a\u00f1os de experiencia en el campo de la construcci\u00f3n urbana en el GRUPO ICA y 25 a\u00f1os de experiencia en el campo ambiental, particularmente en el sector de los residuos.<br>Como director en empresas concesionarias de servicios de aseo p\u00fablico ha sido responsable de su instalaci\u00f3n y operaci\u00f3n&nbsp; bajo esta modalidad en 12 ciudades de la Rep\u00fablica Mexicana.<br>Ha sido presidente de AMCRESPAC (Asociaci\u00f3n Mexicana para el Control de los Residuos S\u00f3lidos y Peligrosos) y de AMEXA (Asociaci\u00f3n Mexicana de Empresas Ambientales).<\/p>\n\n\n\n<p>Ha sido Coordinador de Medio Ambiente y Sustentabilidad en la C\u00e1mara Mexicana de la Industria de la Construcci\u00f3n.<\/p>\n\n\n\n<p>Es miembro del Colegio de Ingenieros Civiles de M\u00e9xico donde forma parte de la Comisi\u00f3n de Medio Ambiente y Sustentabilidad.<br>Actualmente, es consultor en Suma Ingenier\u00eda en temas relacionados con la gesti\u00f3n de residuos.&nbsp;<\/p>\n\n\n\n<p>&nbsp;Es responsable desde 2016 de la Gerencia T\u00e9cnica de la Unidad de Inspecci\u00f3n UVAC Alfonso Ch\u00e1vez Vasavilbaso para el cumplimiento de la normatividad en materia de disposici\u00f3n de residuos s\u00f3lidos urbanos RSU y de manejo de residuos de la construcci\u00f3n y la demolici\u00f3n RCD, acreditada por la Entidad Mexicana de Acreditaci\u00f3n&nbsp; (ema) y Aprobada por SEMARNAT, SEDEMA y PROFEPA en el \u00e1mbito de sus competencias.<\/p>\n\n\n\n<p class=\"has-kb-palette-2-color has-text-color\" style=\"font-size:17px\">Es Testigo Social en representaci\u00f3n de la Academia de Ingenier\u00eda en licitaciones de grandes proyectos de infraestructura.<\/p>\n<\/div>\n<\/div>\n\n\n\n<hr class=\"wp-block-separator has-alpha-channel-opacity\"\/>\n<\/div>\n<\/div>\n\n\n\n<div class=\"wp-block-columns is-layout-flex wp-container-core-columns-is-layout-9d6595d7 wp-block-columns-is-layout-flex\">\n<div class=\"wp-block-column is-layout-flow wp-block-column-is-layout-flow\">\n<p class=\"has-text-align-center has-medium-font-size\"><strong><em><strong><em>VER\u00d3NICA MEDINA JIM\u00c9NEZ<\/em><\/strong><\/em><\/strong><\/p>\n<\/div>\n<\/div>\n\n\n\n<div class=\"wp-block-columns is-layout-flex wp-container-core-columns-is-layout-9d6595d7 wp-block-columns-is-layout-flex\">\n<div class=\"wp-block-column is-vertically-aligned-center has-black-color has-text-color is-layout-flow wp-block-column-is-layout-flow\" style=\"flex-basis:66.66%\">\n<div class=\"wp-block-group has-black-color has-text-color is-vertical is-layout-flex wp-container-core-group-is-layout-8cad6afd wp-block-group-is-layout-flex\" style=\"font-size:17px\">\n<p class=\"has-text-align-left has-kb-palette-2-color has-text-color\" style=\"font-size:17px\">Asistente en la Consultor\u00eda Suma Ingenier\u00eda en temas relacionados con la gesti\u00f3n de residuos.<\/p>\n\n\n\n<p class=\"has-text-align-left has-kb-palette-2-color has-text-color\" style=\"font-size:17px\"><br>Responsable administrativo desde 2016 de la Unidad de Inspecci\u00f3n UVAC Alfonso Ch\u00e1vez Vasavilbaso &nbsp; en materia de medio ambiente para la NOM-083-SEMARNAT-2003,&nbsp; aprobada por la PROFEPA <strong>PFPA-APR-UI-RSU-ME-005\/2025<\/strong> y&nbsp; de la primera Unidad de Inspecci\u00f3n por&nbsp; la Secretar\u00eda de Medio Ambiente de la Ciudad de M\u00e9xico, (SEDEMA) para la NACDMX-007-RNAT-2019 ambas acreditadas por la Entidad Mexicana de Acreditaci\u00f3n (ema)&nbsp; con registros <strong>UVMARN 011 y&nbsp; PADUI \/CDMX\/CA\/001\/CAV\/RCD<\/strong> respectivamente.<\/p>\n<\/div>\n<\/div>\n\n\n\n<div class=\"wp-block-column is-layout-flow wp-block-column-is-layout-flow\" style=\"flex-basis:33.33%\"><style>.kb-image385_36a069-9c.kb-image-is-ratio-size, .kb-image385_36a069-9c .kb-image-is-ratio-size{max-width:196px;width:100%;}.wp-block-kadence-column > .kt-inside-inner-col > .kb-image385_36a069-9c.kb-image-is-ratio-size, .wp-block-kadence-column > .kt-inside-inner-col > .kb-image385_36a069-9c .kb-image-is-ratio-size{align-self:unset;}.kb-image385_36a069-9c figure{max-width:196px;}.kb-image385_36a069-9c .image-is-svg, .kb-image385_36a069-9c .image-is-svg img{width:100%;}.kb-image385_36a069-9c .kb-image-has-overlay:after{opacity:0.3;}.kb-image385_36a069-9c img.kb-img, .kb-image385_36a069-9c .kb-img img{-webkit-mask-image:url(https:\/\/uvac.com.mx\/wp-content\/plugins\/kadence-blocks\/includes\/assets\/images\/masks\/circle.svg);mask-image:url(https:\/\/uvac.com.mx\/wp-content\/plugins\/kadence-blocks\/includes\/assets\/images\/masks\/circle.svg);-webkit-mask-size:auto;mask-size:auto;-webkit-mask-repeat:no-repeat;mask-repeat:no-repeat;-webkit-mask-position:center;mask-position:center;}<\/style>\n<div class=\"wp-block-kadence-image kb-image385_36a069-9c\"><figure class=\"aligncenter size-full\"><img loading=\"lazy\" decoding=\"async\" width=\"546\" height=\"614\" src=\"https:\/\/uvac.com.mx\/wp-content\/uploads\/2022\/08\/veronica.jpg\" alt=\"\" class=\"kb-img wp-image-394\" srcset=\"https:\/\/uvac.com.mx\/wp-content\/uploads\/2022\/08\/veronica.jpg 546w, https:\/\/uvac.com.mx\/wp-content\/uploads\/2022\/08\/veronica-267x300.jpg 267w\" sizes=\"auto, (max-width: 546px) 100vw, 546px\" \/><\/figure><\/div>\n<\/div>\n<\/div>\n\n\n\n<hr class=\"wp-block-separator has-alpha-channel-opacity\"\/>\n\n\n\n<div class=\"wp-block-columns is-layout-flex wp-container-core-columns-is-layout-9d6595d7 wp-block-columns-is-layout-flex\">\n<div class=\"wp-block-column is-layout-flow wp-block-column-is-layout-flow\">\n<p class=\"has-text-align-center has-medium-font-size\"><strong><em>ING. JOS\u00c9 NAVARRO SALAZAR<\/em><\/strong><\/p>\n<\/div>\n<\/div>\n\n\n\n<div class=\"wp-block-columns is-layout-flex wp-container-core-columns-is-layout-9d6595d7 wp-block-columns-is-layout-flex\">\n<div class=\"wp-block-column is-layout-flow wp-block-column-is-layout-flow\">\n<div class=\"wp-block-columns is-layout-flex wp-container-core-columns-is-layout-9d6595d7 wp-block-columns-is-layout-flex\">\n<div class=\"wp-block-column is-layout-flow wp-block-column-is-layout-flow\" style=\"flex-basis:33.33%\"><style>.kb-image385_84b465-77.kb-image-is-ratio-size, .kb-image385_84b465-77 .kb-image-is-ratio-size{max-width:196px;width:100%;}.wp-block-kadence-column > .kt-inside-inner-col > .kb-image385_84b465-77.kb-image-is-ratio-size, .wp-block-kadence-column > .kt-inside-inner-col > .kb-image385_84b465-77 .kb-image-is-ratio-size{align-self:unset;}.kb-image385_84b465-77 figure{max-width:196px;}.kb-image385_84b465-77 .image-is-svg, .kb-image385_84b465-77 .image-is-svg img{width:100%;}.kb-image385_84b465-77 .kb-image-has-overlay:after{opacity:0.3;}.kb-image385_84b465-77 img.kb-img, .kb-image385_84b465-77 .kb-img img{-webkit-mask-image:url(https:\/\/uvac.com.mx\/wp-content\/plugins\/kadence-blocks\/includes\/assets\/images\/masks\/circle.svg);mask-image:url(https:\/\/uvac.com.mx\/wp-content\/plugins\/kadence-blocks\/includes\/assets\/images\/masks\/circle.svg);-webkit-mask-size:auto;mask-size:auto;-webkit-mask-repeat:no-repeat;mask-repeat:no-repeat;-webkit-mask-position:center;mask-position:center;}<\/style>\n<div class=\"wp-block-kadence-image kb-image385_84b465-77\"><figure class=\"aligncenter size-full\"><img loading=\"lazy\" decoding=\"async\" width=\"328\" height=\"365\" src=\"https:\/\/uvac.com.mx\/wp-content\/uploads\/2022\/08\/ing-jose-2.png\" alt=\"\" class=\"kb-img wp-image-601\" srcset=\"https:\/\/uvac.com.mx\/wp-content\/uploads\/2022\/08\/ing-jose-2.png 328w, https:\/\/uvac.com.mx\/wp-content\/uploads\/2022\/08\/ing-jose-2-270x300.png 270w\" sizes=\"auto, (max-width: 328px) 100vw, 328px\" \/><\/figure><\/div>\n<\/div>\n\n\n\n<div class=\"wp-block-column is-vertically-aligned-center has-kb-palette-2-color has-text-color is-layout-flow wp-block-column-is-layout-flow\" style=\"flex-basis:66.66%\">\n<p class=\"has-kb-palette-2-color has-text-color\" style=\"font-size:17px\">Ingeniero civil, egresado de la Facultad de Ingenier\u00eda de la UNAM, con estudios de posgrado en especializaci\u00f3n de ingenier\u00eda sanitaria y ambiental.<\/p>\n\n\n\n<p class=\"has-kb-palette-2-color has-text-color\" style=\"font-size:17px\">De 2014 a la fecha gerente de proyectos en SIIA INGENIER\u00cdA S.A. de C.V. Superintendente en obras de construcci\u00f3n de infraestructura para CONAGUA, superintendente de supervisi\u00f3n en obras para CONAGUA, superintendente de proyectos para CAPUFE en empresa PGI, desde 2020, es inspector acreditado por&nbsp; la Entidad Mexicana de Acreditaci\u00f3n (ema) para realizar la evaluaci\u00f3n de la conformidad de la norma<strong>&nbsp; <\/strong>NOM-083-SEMARNAT-2003 en materia de disposici\u00f3n de residuos s\u00f3lidos urbanos ( RSU )&nbsp; y de la norma NACDMX-007-RNAT-2019&nbsp; relativa al manejo de residuos de la construcci\u00f3n y la demolici\u00f3n RCD en&nbsp; la Unidad de Inspecci\u00f3n Alfonso Ch\u00e1vez Vasavilbaso.<\/p>\n<\/div>\n<\/div>\n\n\n\n<hr class=\"wp-block-separator has-alpha-channel-opacity\"\/>\n<\/div>\n<\/div>\n\n\n\n<div class=\"wp-block-columns is-layout-flex wp-container-core-columns-is-layout-9d6595d7 wp-block-columns-is-layout-flex\">\n<div class=\"wp-block-column is-layout-flow wp-block-column-is-layout-flow\">\n<p class=\"has-text-align-center has-medium-font-size\"><strong><em><strong><em>ING. GUADALUPE CLAUDIA ROSALES QUIROZ<\/em><\/strong><\/em><\/strong><\/p>\n\n\n\n<div class=\"wp-block-columns is-layout-flex wp-container-core-columns-is-layout-9d6595d7 wp-block-columns-is-layout-flex\">\n<div class=\"wp-block-column is-vertically-aligned-center has-black-color has-text-color is-layout-flow wp-block-column-is-layout-flow\" style=\"flex-basis:66.66%\">\n<div class=\"wp-block-group has-black-color has-text-color is-vertical is-layout-flex wp-container-core-group-is-layout-8cad6afd wp-block-group-is-layout-flex\" style=\"font-size:17px\">\n<p class=\"has-kb-palette-2-color has-text-color has-link-color wp-elements-480b56e32f78ae5fa9953ecd459a2c42\" style=\"font-size:17px\">Ingeniera Civil egresada de la Facultad de Ingenier\u00eda de la UNAM, con cr\u00e9ditos concluidos en la Especialidad en Ingenier\u00eda Sanitaria y Ambiental. Cuenta con experiencia en distintas etapas de la ingenier\u00eda, incluyendo proyecto, supervisi\u00f3n y construcci\u00f3n de obra civil.<\/p>\n\n\n\n<p class=\"has-kb-palette-2-color has-text-color has-link-color wp-elements-febc33279788e48e815e37d1dc8b3b67\" style=\"font-size:17px\">Ha participado en proyectos de gesti\u00f3n de residuos para el Banco Interamericano de Desarrollo, a trav\u00e9s de la empresa SUMA Ingenier\u00eda.&nbsp;Desde 2022, es inspectora acreditada por&nbsp; la Entidad Mexicana de Acreditaci\u00f3n (ema) para realizar la evaluaci\u00f3n de la conformidad de la norma<strong>&nbsp; <\/strong>NOM-083-SEMARNAT-2003 en materia de disposici\u00f3n de residuos s\u00f3lidos urbanos ( RSU ) y&nbsp; de la norma NACDMX-007-RNAT-2019&nbsp; relativa al manejo de residuos de la construcci\u00f3n y la demolici\u00f3n RCD en&nbsp; la Unidad de Inspecci\u00f3n Alfonso Ch\u00e1vez Vasavilbaso.<\/p>\n<\/div>\n<\/div>\n\n\n\n<div class=\"wp-block-column is-layout-flow wp-block-column-is-layout-flow\" style=\"flex-basis:33.33%\"><\/div>\n<\/div>\n<\/div>\n<\/div>\n\n\n\n<div class=\"wp-block-columns is-layout-flex wp-container-core-columns-is-layout-9d6595d7 wp-block-columns-is-layout-flex\">\n<div class=\"wp-block-column is-layout-flow wp-block-column-is-layout-flow\">\n<hr class=\"wp-block-separator has-alpha-channel-opacity\"\/>\n\n\n\n<p class=\"has-text-align-center has-medium-font-size\"><strong><em>LIC. ALDO RIVERA AMBRIZ<\/em><\/strong><\/p>\n\n\n\n<div class=\"wp-block-columns is-layout-flex wp-container-core-columns-is-layout-9d6595d7 wp-block-columns-is-layout-flex\">\n<div class=\"wp-block-column has-kb-palette-2-color has-text-color is-layout-flow wp-block-column-is-layout-flow\" style=\"flex-basis:33.33%\"><style>.kb-image385_8bfb04-5d.kb-image-is-ratio-size, .kb-image385_8bfb04-5d .kb-image-is-ratio-size{max-width:196px;width:100%;}.wp-block-kadence-column > .kt-inside-inner-col > .kb-image385_8bfb04-5d.kb-image-is-ratio-size, .wp-block-kadence-column > .kt-inside-inner-col > .kb-image385_8bfb04-5d .kb-image-is-ratio-size{align-self:unset;}.kb-image385_8bfb04-5d figure{max-width:196px;}.kb-image385_8bfb04-5d .image-is-svg, .kb-image385_8bfb04-5d .image-is-svg img{width:100%;}.kb-image385_8bfb04-5d .kb-image-has-overlay:after{opacity:0.3;}.kb-image385_8bfb04-5d img.kb-img, .kb-image385_8bfb04-5d .kb-img img{-webkit-mask-image:url(https:\/\/uvac.com.mx\/wp-content\/plugins\/kadence-blocks\/includes\/assets\/images\/masks\/circle.svg);mask-image:url(https:\/\/uvac.com.mx\/wp-content\/plugins\/kadence-blocks\/includes\/assets\/images\/masks\/circle.svg);-webkit-mask-size:auto;mask-size:auto;-webkit-mask-repeat:no-repeat;mask-repeat:no-repeat;-webkit-mask-position:center;mask-position:center;}<\/style>\n<div class=\"wp-block-kadence-image kb-image385_8bfb04-5d\"><figure class=\"aligncenter size-full kb-filter-earlybird\"><img loading=\"lazy\" decoding=\"async\" width=\"236\" height=\"255\" src=\"https:\/\/uvac.com.mx\/wp-content\/uploads\/2026\/01\/ALDO1-1.jpg\" alt=\"\" class=\"kb-img wp-image-1133\"\/><\/figure><\/div>\n<\/div>\n\n\n\n<div class=\"wp-block-column is-vertically-aligned-center has-kb-palette-2-color has-text-color is-layout-flow wp-block-column-is-layout-flow\" style=\"flex-basis:66.66%\">\n<p class=\"has-kb-palette-2-color has-text-color\" style=\"font-size:17px\">Licenciado en Ciencia de Materiales Sustentables con orientaci\u00f3n al \u00e1rea de Mejoramiento Ambiental por parte de la ENES, Unidad Morelia de la UNAM.<\/p>\n\n\n\n<p>Cuenta con&nbsp; posgrado como Especialista en Ingenier\u00eda Sanitaria en el Manejo de Residuos, por parte de la misma instituci\u00f3n<br>Sus \u00e1reas de experiencia se centran en la investigaci\u00f3n aplicada para la restauraci\u00f3n ambiental de sitios contaminados por RCD con enfoque de sustentabilidad; especialmente en \u00e1reas naturales protegidas de la CDMX, la valorizaci\u00f3n de residuos, la aplicaci\u00f3n de t\u00e9cnicas microbiol\u00f3gicas para la restauraci\u00f3n de suelos y su uso en la agricultura sustentable, Tambi\u00e9n cuenta con experiencia realizando Evaluaciones de Impactos Ambientales (Huellas Ambientales) a trav\u00e9s del An\u00e1lisis de Ciclo de Vida con enfoque de econom\u00eda circular.<\/p>\n\n\n\n<p>Actualmente, es consultor para el gobierno federal en temas de residuos y contaminaci\u00f3n ambiental,&nbsp;<\/p>\n\n\n\n<p class=\"has-kb-palette-2-color has-text-color\" style=\"font-size:17px\">Desde 2024, es inspector acreditado por&nbsp; la Entidad Mexicana de Acreditaci\u00f3n (ema) para realizar la evaluaci\u00f3n de la conformidad de la NACDMX-007-RNAT-2019&nbsp; relativa al manejo de residuos de la construcci\u00f3n y la demolici\u00f3n RCD en&nbsp; la Unidad de Inspecci\u00f3n Alfonso Ch\u00e1vez Vasavilbaso.<\/p>\n\n\n\n<p class=\"has-kb-palette-2-color has-text-color\" style=\"font-size:17px\"><\/p>\n<\/div>\n<\/div>\n<\/div>\n<\/div>\n\n\n\n<div class=\"wp-block-columns is-layout-flex wp-container-core-columns-is-layout-9d6595d7 wp-block-columns-is-layout-flex\">\n<div class=\"wp-block-column is-layout-flow wp-block-column-is-layout-flow\">\n<p class=\"has-text-align-center has-medium-font-size\"><strong><em><strong><em>LIC. ETHEL GUADALUPE\u00a0 M\u00c9NDEZ V\u00c9LEZ<\/em><\/strong><\/em><\/strong><\/p>\n\n\n\n<div class=\"wp-block-columns is-layout-flex wp-container-core-columns-is-layout-9d6595d7 wp-block-columns-is-layout-flex\">\n<div class=\"wp-block-column is-vertically-aligned-center has-black-color has-text-color is-layout-flow wp-block-column-is-layout-flow\" style=\"flex-basis:66.66%\">\n<div class=\"wp-block-group has-black-color has-text-color is-vertical is-layout-flex wp-container-core-group-is-layout-8cad6afd wp-block-group-is-layout-flex\" style=\"font-size:17px\">\n<p class=\"has-kb-palette-2-color has-text-color has-link-color wp-elements-7ac8fcd4d525db582d0471501dbbf598\" style=\"font-size:17px\">Licenciada en Ciencia de Materiales Sustentables&nbsp; con orientaci\u00f3n al \u00e1rea de mejoramiento ambiental por la ENES, Unidad Morelia de la UNAM, cuenta con estudios de posgrado como Especialista en Ingeniera Sanitaria en la misma casa de estudios.<\/p>\n\n\n\n<p class=\"has-kb-palette-2-color has-text-color has-link-color wp-elements-ae146eb8cdd347e262d58cf99aa6db85\" style=\"font-size:17px\">Fue parte del comit\u00e9 organizador de la Primera Reuni\u00f3n Nacional de Vivienda Sustentable y Sismorresistente. Se ha desarrollado en el \u00e1rea de investigaci\u00f3n en el tratamiento de residuos , especialmente los denominados contaminantes emergentes.<\/p>\n\n\n\n<p class=\"has-kb-palette-2-color has-text-color has-link-color wp-elements-c6868dfb5f3d522ad594c5eb49e88ca7\" style=\"font-size:17px\">Actualmente es candidata al grado de Especialista en Ingenier\u00eda por la Facultad de Ingenier\u00eda de la UNAM&nbsp;<\/p>\n\n\n\n<p class=\"has-kb-palette-2-color has-text-color has-link-color wp-elements-ff5cf18572a86165252a552b50c2e593\" style=\"font-size:17px\">Desde 2024, es inspectora acreditada por la Entidad Mexicana de Acreditaci\u00f3n (ema) para realizar la evaluaci\u00f3n de la conformidad de la NACDMX-007-RNAT-2019&nbsp; relativa al manejo de residuos de la construcci\u00f3n y la demolici\u00f3n RCD en&nbsp; la Unidad de Inspecci\u00f3n Alfonso Ch\u00e1vez Vasavilbaso.<\/p>\n<\/div>\n<\/div>\n\n\n\n<div class=\"wp-block-column is-layout-flow wp-block-column-is-layout-flow\" style=\"flex-basis:33.33%\"><style>.kb-image385_c60fc2-f2.kb-image-is-ratio-size, .kb-image385_c60fc2-f2 .kb-image-is-ratio-size{max-width:196px;width:100%;}.wp-block-kadence-column > .kt-inside-inner-col > .kb-image385_c60fc2-f2.kb-image-is-ratio-size, .wp-block-kadence-column > .kt-inside-inner-col > .kb-image385_c60fc2-f2 .kb-image-is-ratio-size{align-self:unset;}.kb-image385_c60fc2-f2 figure{max-width:196px;}.kb-image385_c60fc2-f2 .image-is-svg, .kb-image385_c60fc2-f2 .image-is-svg img{width:100%;}.kb-image385_c60fc2-f2 .kb-image-has-overlay:after{opacity:0.3;}.kb-image385_c60fc2-f2 img.kb-img, .kb-image385_c60fc2-f2 .kb-img img{-webkit-mask-image:url(https:\/\/uvac.com.mx\/wp-content\/plugins\/kadence-blocks\/includes\/assets\/images\/masks\/circle.svg);mask-image:url(https:\/\/uvac.com.mx\/wp-content\/plugins\/kadence-blocks\/includes\/assets\/images\/masks\/circle.svg);-webkit-mask-size:auto;mask-size:auto;-webkit-mask-repeat:no-repeat;mask-repeat:no-repeat;-webkit-mask-position:center;mask-position:center;}<\/style>\n<div class=\"wp-block-kadence-image kb-image385_c60fc2-f2\"><figure class=\"aligncenter size-full\"><img loading=\"lazy\" decoding=\"async\" width=\"365\" height=\"362\" src=\"https:\/\/uvac.com.mx\/wp-content\/uploads\/2026\/01\/ETHEL1.jpg\" alt=\"\" class=\"kb-img wp-image-1131\" srcset=\"https:\/\/uvac.com.mx\/wp-content\/uploads\/2026\/01\/ETHEL1.jpg 365w, https:\/\/uvac.com.mx\/wp-content\/uploads\/2026\/01\/ETHEL1-300x298.jpg 300w, https:\/\/uvac.com.mx\/wp-content\/uploads\/2026\/01\/ETHEL1-150x150.jpg 150w\" sizes=\"auto, (max-width: 365px) 100vw, 365px\" \/><\/figure><\/div>\n<\/div>\n<\/div>\n<\/div>\n<\/div>\n\n\n\n<div class=\"wp-block-columns is-layout-flex wp-container-core-columns-is-layout-9d6595d7 wp-block-columns-is-layout-flex\">\n<div class=\"wp-block-column is-layout-flow wp-block-column-is-layout-flow\">\n<hr class=\"wp-block-separator has-alpha-channel-opacity\"\/>\n\n\n\n<p class=\"has-text-align-center has-medium-font-size\"><strong><em><strong><em>ING. OSCAR IGNACIO CAMILO RAMOS<\/em><\/strong><\/em><\/strong><\/p>\n\n\n\n<div class=\"wp-block-columns is-layout-flex wp-container-core-columns-is-layout-9d6595d7 wp-block-columns-is-layout-flex\">\n<div class=\"wp-block-column has-kb-palette-2-color has-text-color is-layout-flow wp-block-column-is-layout-flow\" style=\"flex-basis:33.33%\">\n<div class=\"wp-block-columns is-layout-flex wp-container-core-columns-is-layout-9d6595d7 wp-block-columns-is-layout-flex\">\n<div class=\"wp-block-column is-layout-flow wp-block-column-is-layout-flow\" style=\"flex-basis:100%\"><\/div>\n<\/div>\n<\/div>\n\n\n\n<div class=\"wp-block-column is-vertically-aligned-center has-kb-palette-2-color has-text-color is-layout-flow wp-block-column-is-layout-flow\" style=\"flex-basis:66.66%\">\n<p class=\"has-kb-palette-2-color has-text-color\" style=\"font-size:17px\">Ingeniero civil egresado de la Facultad de Ingenier\u00eda de la UNAM, con cr\u00e9ditos concluidos en la Especialidad en Ingenier\u00eda Sanitaria y Ambiental del \u00e1rea de posgrado de la misma Facultad.&nbsp;<\/p>\n\n\n\n<p>Ha participado en proyectos enfocados en el an\u00e1lisis y gesti\u00f3n de residuos en la UNAM&nbsp; as\u00ed como en el sector p\u00fablico en la&nbsp; planificaci\u00f3n y gesti\u00f3n de residuos s\u00f3lidos urbanos de la CDMX.&nbsp;<\/p>\n\n\n\n<p>Actualmente, labora en el sector de supervisi\u00f3n de la construcci\u00f3n del tren interoce\u00e1nico en la l\u00ednea \u201cK\u201d en materia de residuos, gesti\u00f3n y an\u00e1lisis de informaci\u00f3n para brindar soluciones a problem\u00e1ticas ambientales, sociales y de construcci\u00f3n de obra.&nbsp;<\/p>\n\n\n\n<p class=\"has-kb-palette-2-color has-text-color\" style=\"font-size:17px\">Desde 2025, es inspector acreditado por&nbsp; la Entidad Mexicana de Acreditaci\u00f3n (ema) para realizar la evaluaci\u00f3n de la conformidad de la NACDMX-007-RNAT-2019&nbsp; relativa al manejo de residuos de la construcci\u00f3n y la demolici\u00f3n RCD en&nbsp; la Unidad de Inspecci\u00f3n Alfonso Ch\u00e1vez Vasavilbaso.<\/p>\n\n\n\n<p class=\"has-kb-palette-2-color has-text-color\" style=\"font-size:17px\"><\/p>\n<\/div>\n<\/div>\n<\/div>\n<\/div>\n","protected":false},"excerpt":{"rendered":"<p>Somos especialistas en la materia ING. ALFONSO CH\u00c1VEZ VASAVILBASO Ingeniero Civil egresado de la Facultad de Ingenier\u00eda de la UNAM, profesor en el posgrado de Ingenier\u00eda Civil y en la licenciatura de Ingenier\u00eda Ambiental en la propia Facultad de Ingenier\u00eda. Medalla al M\u00e9rito Universitario 2022 Acad\u00e9mico titular de la Academia&hellip;<\/p>\n","protected":false},"author":1,"featured_media":0,"parent":0,"menu_order":0,"comment_status":"closed","ping_status":"closed","template":"","meta":{"_kadence_starter_templates_imported_post":false,"footnotes":""},"class_list":["post-385","page","type-page","status-publish","hentry"],"_links":{"self":[{"href":"https:\/\/uvac.com.mx\/index.php?rest_route=\/wp\/v2\/pages\/385","targetHints":{"allow":["GET"]}}],"collection":[{"href":"https:\/\/uvac.com.mx\/index.php?rest_route=\/wp\/v2\/pages"}],"about":[{"href":"https:\/\/uvac.com.mx\/index.php?rest_route=\/wp\/v2\/types\/page"}],"author":[{"embeddable":true,"href":"https:\/\/uvac.com.mx\/index.php?rest_route=\/wp\/v2\/users\/1"}],"replies":[{"embeddable":true,"href":"https:\/\/uvac.com.mx\/index.php?rest_route=%2Fwp%2Fv2%2Fcomments&post=385"}],"version-history":[{"count":47,"href":"https:\/\/uvac.com.mx\/index.php?rest_route=\/wp\/v2\/pages\/385\/revisions"}],"predecessor-version":[{"id":1141,"href":"https:\/\/uvac.com.mx\/index.php?rest_route=\/wp\/v2\/pages\/385\/revisions\/1141"}],"wp:attachment":[{"href":"https:\/\/uvac.com.mx\/index.php?rest_route=%2Fwp%2Fv2%2Fmedia&parent=385"}],"curies":[{"name":"wp","href":"https:\/\/api.w.org\/{rel}","templated":true}]}}