{"id":160,"date":"2022-07-21T04:48:33","date_gmt":"2022-07-21T04:48:33","guid":{"rendered":"https:\/\/uvac.com.mx\/?page_id=160"},"modified":"2026-01-09T21:22:48","modified_gmt":"2026-01-09T21:22:48","slug":"inicio","status":"publish","type":"page","link":"https:\/\/uvac.com.mx\/","title":{"rendered":"INICIO"},"content":{"rendered":"\n<div class=\"wp-block-group\"><div class=\"wp-block-group__inner-container is-layout-flow wp-block-group-is-layout-flow\">\n<p class=\"has-kb-palette-1-color has-text-color\" style=\"font-size:25px\"><strong><em>En materia de generaci\u00f3n y gesti\u00f3n de residuos, todos somos corresponsables.&nbsp;<\/em><\/strong><\/p>\n\n\n\n<p class=\"has-medium-font-size\">Todos generamos residuos en nuestras ciudades, en nuestras casas: en nuestras actividades y proyectos.\u00a0<\/p>\n\n\n\n<p class=\"has-medium-font-size\">Todos somos corresponsables; autoridades y ciudadanos.<\/p>\n\n\n\n<p class=\"has-medium-font-size\">Somos sujetos obligados al cumplimiento de la <strong>NOM-083-SEMARNAT-2003<\/strong> los responsables de la disposici\u00f3n y aprovechamiento de residuos s\u00f3lidos urbanos (RSU); Y de la <strong>NACDMX-007-RNAT-2019<\/strong> los responsables de las actividades de la construcci\u00f3n y servicios relacionados con Acopio, Recolecci\u00f3n y transporte, Tratamiento y Disposici\u00f3n final de residuos de la construcci\u00f3n y la demolici\u00f3n (RCD).<\/p>\n\n\n\n<p class=\"has-medium-font-size\">\u00bfPorqu\u00e9 debemos cumplirlas?<\/p>\n\n\n\n<ul class=\"wp-block-list has-medium-font-size\">\n<li>Cuidado ambiental<\/li>\n\n\n\n<li>Salud p\u00fablica<\/li>\n\n\n\n<li>Eficiencia en el empleo de materiales<\/li>\n\n\n\n<li>Requisitos administrativos (seguimiento de condiciones de impacto ambiental).<\/li>\n<\/ul>\n\n\n\n<p>Y porque se trata de:<\/p>\n\n\n\n<div class=\"wp-block-group\"><div class=\"wp-block-group__inner-container is-layout-flow wp-block-group-is-layout-flow\">\n<p class=\"has-text-align-left has-text-color has-medium-font-size\" style=\"color:#11afab\"><strong>                                         NORMAS DE CUMPLIMIENTO OBLIGATORIO<\/strong><\/p>\n\n\n\n<p class=\"has-text-align-left has-text-color\" style=\"color:#11afab;font-size:18px\">Por ello, nuestra Unidad de Inspecci\u00f3n <strong>UVAC <\/strong><strong>para el cumplimiento de estas Normas<\/strong> te proporciona el servicio de Evaluaci\u00f3n de la Conformidad. De acuerdo con la Ley de la Infraestructura de la Calidad las Unidades de Inspecci\u00f3n como Organismos de Evaluaci\u00f3n de la Conformidad tiene la funci\u00f3n de emitir el Dictamen de Inspecci\u00f3n que indica el grado de cumplimiento de la Norma de referencia y el documento es reconocido por la autoridad competente.<\/p>\n<\/div><\/div>\n<\/div><\/div>\n\n\n\n<div class=\"wp-block-columns is-layout-flex wp-container-core-columns-is-layout-9d6595d7 wp-block-columns-is-layout-flex\">\n<div class=\"wp-block-column has-kb-palette-1-background-color has-background is-layout-flow wp-block-column-is-layout-flow\">\n<div class=\"wp-block-columns is-layout-flex wp-container-core-columns-is-layout-9d6595d7 wp-block-columns-is-layout-flex\">\n<div class=\"wp-block-column is-layout-flow wp-block-column-is-layout-flow\" style=\"flex-basis:2%\"><\/div>\n\n\n\n<div class=\"wp-block-column is-vertically-aligned-center is-layout-flow wp-block-column-is-layout-flow\" style=\"flex-basis:96%\">\n<p><\/p>\n\n\n\n<p style=\"font-size:27px\"><strong>NOM 083 SEMARNAT 2003.<\/strong><\/p>\n\n\n\n<p class=\"has-medium-font-size\">Especificaciones de protecci\u00f3n ambiental para la selecci\u00f3n del sitio, dise\u00f1o, construcci\u00f3n, operaci\u00f3n, monitoreo, clausura y obras complementarias de un sitio de disposici\u00f3n final de RSU y manejo especial<\/p>\n\n\n\n<p><\/p>\n<\/div>\n\n\n\n<div class=\"wp-block-column is-layout-flow wp-block-column-is-layout-flow\" style=\"flex-basis:2%\"><\/div>\n<\/div>\n<\/div>\n\n\n\n<div class=\"wp-block-column has-kb-palette-1-background-color has-background is-layout-flow wp-block-column-is-layout-flow\">\n<div class=\"wp-block-columns is-layout-flex wp-container-core-columns-is-layout-9d6595d7 wp-block-columns-is-layout-flex\">\n<div class=\"wp-block-column is-layout-flow wp-block-column-is-layout-flow\" style=\"flex-basis:2%\"><\/div>\n\n\n\n<div class=\"wp-block-column is-layout-flow wp-block-column-is-layout-flow\" style=\"flex-basis:96%\">\n<p><\/p>\n\n\n\n<p style=\"font-size:27px\"><strong>NACDMX 007-RNAT-2019<\/strong> <\/p>\n\n\n\n<p class=\"has-medium-font-size\">Que establece la clasificaci\u00f3n y especificaciones de manejo integral para los residuos de la construcci\u00f3n y demolici\u00f3n en la Ciudad de M\u00e9xico<\/p>\n\n\n\n<p><\/p>\n\n\n\n<p><\/p>\n<\/div>\n\n\n\n<div class=\"wp-block-column is-layout-flow wp-block-column-is-layout-flow\" style=\"flex-basis:2%\"><\/div>\n<\/div>\n<\/div>\n<\/div>\n\n\n\n<p><\/p>\n\n\n\n<p><\/p>\n\n\n\n<p><\/p>\n\n\n\n<div class=\"wp-block-columns is-layout-flex wp-container-core-columns-is-layout-9d6595d7 wp-block-columns-is-layout-flex\"><\/div>\n","protected":false},"excerpt":{"rendered":"<p>En materia de generaci\u00f3n y gesti\u00f3n de residuos, todos somos corresponsables.&nbsp; Todos generamos residuos en nuestras ciudades, en nuestras casas: en nuestras actividades y proyectos.\u00a0 Todos somos corresponsables; autoridades y ciudadanos. Somos sujetos obligados al cumplimiento de la NOM-083-SEMARNAT-2003 los responsables de la disposici\u00f3n y aprovechamiento de residuos s\u00f3lidos urbanos&hellip;<\/p>\n","protected":false},"author":1,"featured_media":0,"parent":0,"menu_order":0,"comment_status":"closed","ping_status":"closed","template":"","meta":{"_kadence_starter_templates_imported_post":false,"footnotes":""},"class_list":["post-160","page","type-page","status-publish","hentry"],"_links":{"self":[{"href":"https:\/\/uvac.com.mx\/index.php?rest_route=\/wp\/v2\/pages\/160","targetHints":{"allow":["GET"]}}],"collection":[{"href":"https:\/\/uvac.com.mx\/index.php?rest_route=\/wp\/v2\/pages"}],"about":[{"href":"https:\/\/uvac.com.mx\/index.php?rest_route=\/wp\/v2\/types\/page"}],"author":[{"embeddable":true,"href":"https:\/\/uvac.com.mx\/index.php?rest_route=\/wp\/v2\/users\/1"}],"replies":[{"embeddable":true,"href":"https:\/\/uvac.com.mx\/index.php?rest_route=%2Fwp%2Fv2%2Fcomments&post=160"}],"version-history":[{"count":48,"href":"https:\/\/uvac.com.mx\/index.php?rest_route=\/wp\/v2\/pages\/160\/revisions"}],"predecessor-version":[{"id":1175,"href":"https:\/\/uvac.com.mx\/index.php?rest_route=\/wp\/v2\/pages\/160\/revisions\/1175"}],"wp:attachment":[{"href":"https:\/\/uvac.com.mx\/index.php?rest_route=%2Fwp%2Fv2%2Fmedia&parent=160"}],"curies":[{"name":"wp","href":"https:\/\/api.w.org\/{rel}","templated":true}]}}